{"id":1510,"date":"2019-10-23T19:28:49","date_gmt":"2019-10-23T17:28:49","guid":{"rendered":"https:\/\/karibbeancars.fr\/?page_id=1510"},"modified":"2023-08-22T23:09:24","modified_gmt":"2023-08-22T21:09:24","slug":"opel-zafira","status":"publish","type":"page","link":"https:\/\/karibbeancars.fr\/index.php\/nos-vehicules\/opel-zafira\/","title":{"rendered":"OPEL ZAFIRA 1.9 L CDTI"},"content":{"rendered":"\n<div class=\"wp-block-themeisle-blocks-advanced-columns has-1-columns has-desktop-equal-layout has-tablet-equal-layout has-mobile-equal-layout has-default-gap has-vertical-unset\" id=\"wp-block-themeisle-blocks-advanced-columns-22aff40b\"><div class=\"wp-block-themeisle-blocks-advanced-columns-overlay\"><\/div><div class=\"innerblocks-wrap\">\n\n<div class=\"wp-block-themeisle-blocks-advanced-column\" id=\"wp-block-themeisle-blocks-advanced-column-8f6f9bed\">\n\n<div class=\"wp-block-image\"><figure class=\"aligncenter size-large\"><img fetchpriority=\"high\" decoding=\"async\" width=\"512\" height=\"384\" data-attachment-id=\"2242\" data-permalink=\"https:\/\/karibbeancars.fr\/index.php\/nos-vehicules\/opel-zafira\/zafira-b\/\" data-orig-file=\"https:\/\/karibbeancars.fr\/wp-content\/uploads\/2020\/11\/ZAFIRA-B.jpg\" data-orig-size=\"512,384\" data-comments-opened=\"1\" data-image-meta=\"{&quot;aperture&quot;:&quot;0&quot;,&quot;credit&quot;:&quot;&quot;,&quot;camera&quot;:&quot;&quot;,&quot;caption&quot;:&quot;&quot;,&quot;created_timestamp&quot;:&quot;0&quot;,&quot;copyright&quot;:&quot;&quot;,&quot;focal_length&quot;:&quot;0&quot;,&quot;iso&quot;:&quot;0&quot;,&quot;shutter_speed&quot;:&quot;0&quot;,&quot;title&quot;:&quot;&quot;,&quot;orientation&quot;:&quot;0&quot;}\" data-image-title=\"ZAFIRA-B\" data-image-description=\"\" data-image-caption=\"&lt;p&gt;Opel Zafira&lt;\/p&gt;\n\" data-medium-file=\"https:\/\/karibbeancars.fr\/wp-content\/uploads\/2020\/11\/ZAFIRA-B-300x225.jpg\" data-large-file=\"https:\/\/karibbeancars.fr\/wp-content\/uploads\/2020\/11\/ZAFIRA-B.jpg\" src=\"http:\/\/karibbeancars.fr\/wp-content\/uploads\/2020\/11\/ZAFIRA-B.jpg\" alt=\"OPEL ZAFIRA B\" class=\"wp-image-2242\" srcset=\"https:\/\/karibbeancars.fr\/wp-content\/uploads\/2020\/11\/ZAFIRA-B.jpg 512w, https:\/\/karibbeancars.fr\/wp-content\/uploads\/2020\/11\/ZAFIRA-B-300x225.jpg 300w, https:\/\/karibbeancars.fr\/wp-content\/uploads\/2020\/11\/ZAFIRA-B-285x214.jpg 285w\" sizes=\"(max-width: 512px) 100vw, 512px\" \/><\/figure><\/div>\n\n<\/div>\n\n<\/div><\/div>\n\n\n\n<p>L&rsquo;Opel Zafira est un v\u00e9hicule de type monospace du constructeur automobile allemand.  La deuxi\u00e8me g\u00e9n\u00e9ration que nous proposons est sortie en 2005. Il s&rsquo;agit une motorisation 1.9 CDTI 7 places de 150 ch avec toit panoramique .<\/p>\n\n\n","protected":false},"excerpt":{"rendered":"<p>L&rsquo;Opel Zafira est un v\u00e9hicule de type monospace du constructeur automobile allemand. La deuxi\u00e8me g\u00e9n\u00e9ration que nous proposons est sortie en 2005. Il s&rsquo;agit une motorisation 1.9 CDTI 7 places de 150 ch avec toit panoramique .<\/p>\n","protected":false},"author":1,"featured_media":0,"parent":1597,"menu_order":3,"comment_status":"open","ping_status":"closed","template":"","meta":{"footnotes":""},"class_list":["post-1510","page","type-page","status-publish","hentry"],"yoast_head":"<!-- This site is optimized with the Yoast SEO plugin v27.1.1 - https:\/\/yoast.com\/product\/yoast-seo-wordpress\/ -->\n<title>OPEL ZAFIRA 1.9 L CDTI - \ud83d\ude97\ud83c\udf34\u2600\ufe0fkaribbeancars<\/title>\n<meta name=\"description\" content=\"L&#039;Opel Zafira est un v\u00e9hicule de type monospace du constructeur automobile allemand, dont la la deuxi\u00e8me g\u00e9n\u00e9ration que nous proposons est sortie en 2005.\" \/>\n<meta name=\"robots\" content=\"index, follow, max-snippet:-1, max-image-preview:large, max-video-preview:-1\" \/>\n<link rel=\"canonical\" href=\"https:\/\/karibbeancars.fr\/index.php\/nos-vehicules\/opel-zafira\/\" \/>\n<meta property=\"og:locale\" content=\"fr_FR\" \/>\n<meta property=\"og:type\" content=\"article\" \/>\n<meta property=\"og:title\" content=\"OPEL ZAFIRA 1.9 L CDTI - \ud83d\ude97\ud83c\udf34\u2600\ufe0fkaribbeancars\" \/>\n<meta property=\"og:description\" content=\"L&#039;Opel Zafira est un v\u00e9hicule de type monospace du constructeur automobile allemand, dont la la deuxi\u00e8me g\u00e9n\u00e9ration que nous proposons est sortie en 2005.\" \/>\n<meta property=\"og:url\" content=\"https:\/\/karibbeancars.fr\/index.php\/nos-vehicules\/opel-zafira\/\" \/>\n<meta property=\"og:site_name\" content=\"\ud83d\ude97\ud83c\udf34\u2600\ufe0fkaribbeancars\" \/>\n<meta property=\"article:modified_time\" content=\"2023-08-22T21:09:24+00:00\" \/>\n<meta property=\"og:image\" content=\"http:\/\/karibbeancars.fr\/wp-content\/uploads\/2020\/11\/ZAFIRA-B.jpg\" \/>\n<meta name=\"twitter:card\" content=\"summary_large_image\" \/>\n<meta name=\"twitter:label1\" content=\"Dur\u00e9e de lecture estim\u00e9e\" \/>\n\t<meta name=\"twitter:data1\" content=\"1 minute\" \/>\n<script type=\"application\/ld+json\" class=\"yoast-schema-graph\">{\"@context\":\"https:\/\/schema.org\",\"@graph\":[{\"@type\":\"WebPage\",\"@id\":\"https:\/\/karibbeancars.fr\/index.php\/nos-vehicules\/opel-zafira\/\",\"url\":\"https:\/\/karibbeancars.fr\/index.php\/nos-vehicules\/opel-zafira\/\",\"name\":\"OPEL ZAFIRA 1.9 L CDTI - \ud83d\ude97\ud83c\udf34\u2600\ufe0fkaribbeancars\",\"isPartOf\":{\"@id\":\"https:\/\/karibbeancars.fr\/#website\"},\"primaryImageOfPage\":{\"@id\":\"https:\/\/karibbeancars.fr\/index.php\/nos-vehicules\/opel-zafira\/#primaryimage\"},\"image\":{\"@id\":\"https:\/\/karibbeancars.fr\/index.php\/nos-vehicules\/opel-zafira\/#primaryimage\"},\"thumbnailUrl\":\"http:\/\/karibbeancars.fr\/wp-content\/uploads\/2020\/11\/ZAFIRA-B.jpg\",\"datePublished\":\"2019-10-23T17:28:49+00:00\",\"dateModified\":\"2023-08-22T21:09:24+00:00\",\"description\":\"L'Opel Zafira est un v\u00e9hicule de type monospace du constructeur automobile allemand, dont la la deuxi\u00e8me g\u00e9n\u00e9ration que nous proposons est sortie en 2005.\",\"breadcrumb\":{\"@id\":\"https:\/\/karibbeancars.fr\/index.php\/nos-vehicules\/opel-zafira\/#breadcrumb\"},\"inLanguage\":\"fr-FR\",\"potentialAction\":[{\"@type\":\"ReadAction\",\"target\":[\"https:\/\/karibbeancars.fr\/index.php\/nos-vehicules\/opel-zafira\/\"]}]},{\"@type\":\"ImageObject\",\"inLanguage\":\"fr-FR\",\"@id\":\"https:\/\/karibbeancars.fr\/index.php\/nos-vehicules\/opel-zafira\/#primaryimage\",\"url\":\"https:\/\/karibbeancars.fr\/wp-content\/uploads\/2020\/11\/ZAFIRA-B.jpg\",\"contentUrl\":\"https:\/\/karibbeancars.fr\/wp-content\/uploads\/2020\/11\/ZAFIRA-B.jpg\",\"width\":512,\"height\":384,\"caption\":\"Opel Zafira\"},{\"@type\":\"BreadcrumbList\",\"@id\":\"https:\/\/karibbeancars.fr\/index.php\/nos-vehicules\/opel-zafira\/#breadcrumb\",\"itemListElement\":[{\"@type\":\"ListItem\",\"position\":1,\"name\":\"Accueil\",\"item\":\"https:\/\/karibbeancars.fr\/\"},{\"@type\":\"ListItem\",\"position\":2,\"name\":\"NOS V\u00c9HICULES \u00c0 VOTRE DISPOSITION\",\"item\":\"https:\/\/karibbeancars.fr\/index.php\/nos-vehicules\/\"},{\"@type\":\"ListItem\",\"position\":3,\"name\":\"OPEL ZAFIRA 1.9 L CDTI\"}]},{\"@type\":\"WebSite\",\"@id\":\"https:\/\/karibbeancars.fr\/#website\",\"url\":\"https:\/\/karibbeancars.fr\/\",\"name\":\"\ud83d\ude97\ud83c\udf34\u2600\ufe0fkaribbeancars\",\"description\":\"\",\"potentialAction\":[{\"@type\":\"SearchAction\",\"target\":{\"@type\":\"EntryPoint\",\"urlTemplate\":\"https:\/\/karibbeancars.fr\/?s={search_term_string}\"},\"query-input\":{\"@type\":\"PropertyValueSpecification\",\"valueRequired\":true,\"valueName\":\"search_term_string\"}}],\"inLanguage\":\"fr-FR\"}]}<\/script>\n<!-- \/ Yoast SEO plugin. -->","yoast_head_json":{"title":"OPEL ZAFIRA 1.9 L CDTI - \ud83d\ude97\ud83c\udf34\u2600\ufe0fkaribbeancars","description":"L'Opel Zafira est un v\u00e9hicule de type monospace du constructeur automobile allemand, dont la la deuxi\u00e8me g\u00e9n\u00e9ration que nous proposons est sortie en 2005.","robots":{"index":"index","follow":"follow","max-snippet":"max-snippet:-1","max-image-preview":"max-image-preview:large","max-video-preview":"max-video-preview:-1"},"canonical":"https:\/\/karibbeancars.fr\/index.php\/nos-vehicules\/opel-zafira\/","og_locale":"fr_FR","og_type":"article","og_title":"OPEL ZAFIRA 1.9 L CDTI - \ud83d\ude97\ud83c\udf34\u2600\ufe0fkaribbeancars","og_description":"L'Opel Zafira est un v\u00e9hicule de type monospace du constructeur automobile allemand, dont la la deuxi\u00e8me g\u00e9n\u00e9ration que nous proposons est sortie en 2005.","og_url":"https:\/\/karibbeancars.fr\/index.php\/nos-vehicules\/opel-zafira\/","og_site_name":"\ud83d\ude97\ud83c\udf34\u2600\ufe0fkaribbeancars","article_modified_time":"2023-08-22T21:09:24+00:00","og_image":[{"url":"http:\/\/karibbeancars.fr\/wp-content\/uploads\/2020\/11\/ZAFIRA-B.jpg","type":"","width":"","height":""}],"twitter_card":"summary_large_image","twitter_misc":{"Dur\u00e9e de lecture estim\u00e9e":"1 minute"},"schema":{"@context":"https:\/\/schema.org","@graph":[{"@type":"WebPage","@id":"https:\/\/karibbeancars.fr\/index.php\/nos-vehicules\/opel-zafira\/","url":"https:\/\/karibbeancars.fr\/index.php\/nos-vehicules\/opel-zafira\/","name":"OPEL ZAFIRA 1.9 L CDTI - \ud83d\ude97\ud83c\udf34\u2600\ufe0fkaribbeancars","isPartOf":{"@id":"https:\/\/karibbeancars.fr\/#website"},"primaryImageOfPage":{"@id":"https:\/\/karibbeancars.fr\/index.php\/nos-vehicules\/opel-zafira\/#primaryimage"},"image":{"@id":"https:\/\/karibbeancars.fr\/index.php\/nos-vehicules\/opel-zafira\/#primaryimage"},"thumbnailUrl":"http:\/\/karibbeancars.fr\/wp-content\/uploads\/2020\/11\/ZAFIRA-B.jpg","datePublished":"2019-10-23T17:28:49+00:00","dateModified":"2023-08-22T21:09:24+00:00","description":"L'Opel Zafira est un v\u00e9hicule de type monospace du constructeur automobile allemand, dont la la deuxi\u00e8me g\u00e9n\u00e9ration que nous proposons est sortie en 2005.","breadcrumb":{"@id":"https:\/\/karibbeancars.fr\/index.php\/nos-vehicules\/opel-zafira\/#breadcrumb"},"inLanguage":"fr-FR","potentialAction":[{"@type":"ReadAction","target":["https:\/\/karibbeancars.fr\/index.php\/nos-vehicules\/opel-zafira\/"]}]},{"@type":"ImageObject","inLanguage":"fr-FR","@id":"https:\/\/karibbeancars.fr\/index.php\/nos-vehicules\/opel-zafira\/#primaryimage","url":"https:\/\/karibbeancars.fr\/wp-content\/uploads\/2020\/11\/ZAFIRA-B.jpg","contentUrl":"https:\/\/karibbeancars.fr\/wp-content\/uploads\/2020\/11\/ZAFIRA-B.jpg","width":512,"height":384,"caption":"Opel Zafira"},{"@type":"BreadcrumbList","@id":"https:\/\/karibbeancars.fr\/index.php\/nos-vehicules\/opel-zafira\/#breadcrumb","itemListElement":[{"@type":"ListItem","position":1,"name":"Accueil","item":"https:\/\/karibbeancars.fr\/"},{"@type":"ListItem","position":2,"name":"NOS V\u00c9HICULES \u00c0 VOTRE DISPOSITION","item":"https:\/\/karibbeancars.fr\/index.php\/nos-vehicules\/"},{"@type":"ListItem","position":3,"name":"OPEL ZAFIRA 1.9 L CDTI"}]},{"@type":"WebSite","@id":"https:\/\/karibbeancars.fr\/#website","url":"https:\/\/karibbeancars.fr\/","name":"\ud83d\ude97\ud83c\udf34\u2600\ufe0fkaribbeancars","description":"","potentialAction":[{"@type":"SearchAction","target":{"@type":"EntryPoint","urlTemplate":"https:\/\/karibbeancars.fr\/?s={search_term_string}"},"query-input":{"@type":"PropertyValueSpecification","valueRequired":true,"valueName":"search_term_string"}}],"inLanguage":"fr-FR"}]}},"jetpack_shortlink":"https:\/\/wp.me\/PakDlK-om","jetpack_sharing_enabled":true,"_links":{"self":[{"href":"https:\/\/karibbeancars.fr\/index.php\/wp-json\/wp\/v2\/pages\/1510","targetHints":{"allow":["GET"]}}],"collection":[{"href":"https:\/\/karibbeancars.fr\/index.php\/wp-json\/wp\/v2\/pages"}],"about":[{"href":"https:\/\/karibbeancars.fr\/index.php\/wp-json\/wp\/v2\/types\/page"}],"author":[{"embeddable":true,"href":"https:\/\/karibbeancars.fr\/index.php\/wp-json\/wp\/v2\/users\/1"}],"replies":[{"embeddable":true,"href":"https:\/\/karibbeancars.fr\/index.php\/wp-json\/wp\/v2\/comments?post=1510"}],"version-history":[{"count":10,"href":"https:\/\/karibbeancars.fr\/index.php\/wp-json\/wp\/v2\/pages\/1510\/revisions"}],"predecessor-version":[{"id":3027,"href":"https:\/\/karibbeancars.fr\/index.php\/wp-json\/wp\/v2\/pages\/1510\/revisions\/3027"}],"up":[{"embeddable":true,"href":"https:\/\/karibbeancars.fr\/index.php\/wp-json\/wp\/v2\/pages\/1597"}],"wp:attachment":[{"href":"https:\/\/karibbeancars.fr\/index.php\/wp-json\/wp\/v2\/media?parent=1510"}],"curies":[{"name":"wp","href":"https:\/\/api.w.org\/{rel}","templated":true}]}}